{"id":28,"date":"2023-08-29T11:26:48","date_gmt":"2023-08-29T11:26:48","guid":{"rendered":"http:\/\/polskie-smaki.net\/?page_id=28"},"modified":"2023-08-30T18:46:21","modified_gmt":"2023-08-30T18:46:21","slug":"informacje","status":"publish","type":"page","link":"http:\/\/polskie-smaki.net\/index.php\/informacje\/","title":{"rendered":"Informacje"},"content":{"rendered":"\r\n<p>W dni robocze gotujemy obiady, kt\u00f3re s\u0105 wydawane od godz. 12.30 &#8211; 16.00<\/p>\r\n\r\n\r\n\r\n<p>Obiad sk\u0142ada si\u0119 :<\/p>\r\n\r\n\r\n\r\n<p>zupy podawanej w wazie,<br>drugiego dania,<br>sur\u00f3wki i kompotu<\/p>\r\n<h3><br><span style=\"color: #f0c713;\">Dow\u00f3z obiad\u00f3w na terenie Gryfic gratis od godz. 12.30 \u2013 15.00<\/span><\/h3>\r\n<p>&nbsp;<\/p>\r\n\r\n\r\n\r\n<h6 style=\"text-align: center;\">Firma \u201eKorena\u201d Irena Kozio\u0142 w dniu 24.01.2021 r. otrzyma\u0142a subwencj\u0119 finansow\u0105 dla mikrofirm w ramach Tarczy Finansowej PFR 2.0. w wysoko\u015bci 58 500,00 z\u0142. Podmiotem udzielaj\u0105cym wsparcia w postaci subwencji by\u0142 Polski Fundusz Rozwoju.<\/h6>\r\n<p>&nbsp;<\/p>\r\n\r\n\r\n\r\n<p>PLANOWANE IMPREZY NA ROK 2022<\/p>\r\n\r\n\r\n\r\n<p>Zabawa Sylwestrowa 2022\/2023<br>Zabawa Ostatkowa 2022<br>Dzie\u0144 Kobiet 8 marca 2022<br>Zabawa Andrzejkowa 2022<\/p>\r\n","protected":false},"excerpt":{"rendered":"<p>W dni robocze gotujemy obiady, kt\u00f3re s\u0105 wydawane od godz. 12.30 &#8211; 16.00 Obiad sk\u0142ada si\u0119 : zupy podawanej w wazie,drugiego dania,sur\u00f3wki i kompotu Dow\u00f3z obiad\u00f3w na terenie Gryfic gratis od godz. 12.30 \u2013 15.00 &nbsp; Firma \u201eKorena\u201d Irena Kozio\u0142 w dniu 24.01.2021 r. otrzyma\u0142a subwencj\u0119 finansow\u0105 dla mikrofirm w ramach Tarczy Finansowej PFR 2.0. [&hellip;]<\/p>\n","protected":false},"author":1,"featured_media":0,"parent":0,"menu_order":6,"comment_status":"closed","ping_status":"closed","template":"","meta":{"ngg_post_thumbnail":0,"footnotes":""},"_links":{"self":[{"href":"http:\/\/polskie-smaki.net\/index.php\/wp-json\/wp\/v2\/pages\/28"}],"collection":[{"href":"http:\/\/polskie-smaki.net\/index.php\/wp-json\/wp\/v2\/pages"}],"about":[{"href":"http:\/\/polskie-smaki.net\/index.php\/wp-json\/wp\/v2\/types\/page"}],"author":[{"embeddable":true,"href":"http:\/\/polskie-smaki.net\/index.php\/wp-json\/wp\/v2\/users\/1"}],"replies":[{"embeddable":true,"href":"http:\/\/polskie-smaki.net\/index.php\/wp-json\/wp\/v2\/comments?post=28"}],"version-history":[{"count":5,"href":"http:\/\/polskie-smaki.net\/index.php\/wp-json\/wp\/v2\/pages\/28\/revisions"}],"predecessor-version":[{"id":90,"href":"http:\/\/polskie-smaki.net\/index.php\/wp-json\/wp\/v2\/pages\/28\/revisions\/90"}],"wp:attachment":[{"href":"http:\/\/polskie-smaki.net\/index.php\/wp-json\/wp\/v2\/media?parent=28"}],"curies":[{"name":"wp","href":"https:\/\/api.w.org\/{rel}","templated":true}]}}