{"id":24,"date":"2023-08-29T11:23:59","date_gmt":"2023-08-29T11:23:59","guid":{"rendered":"http:\/\/polskie-smaki.net\/?page_id=24"},"modified":"2023-08-30T18:42:39","modified_gmt":"2023-08-30T18:42:39","slug":"oferta","status":"publish","type":"page","link":"http:\/\/polskie-smaki.net\/index.php\/oferta\/","title":{"rendered":"Oferta"},"content":{"rendered":"\r\n<p>Nie dzia\u0142amy schematycznie na podstawie wcze\u015bniej przygotowanych jad\u0142ospis\u00f3w. Dania weselne wybierane s\u0105 indywidualnie i dlatego s\u0105 zawsze dostosowane do Waszych&nbsp; smak\u00f3w i upodoba\u0144. Jeste\u015bmy profesjonalistami i potrafimy przyrz\u0105dza\u0107 dowolne potrawy z r\u00f3\u017cnych rodzaj\u00f3w mi\u0119s, ryb i warzyw. Cz\u0119\u015b\u0107 warzyw oraz dodatki smakowe i dekoracyjne pochodz\u0105 z naszych ekologicznych upraw.&nbsp;W dni robocze gotujemy smaczne obiady.<\/p>\r\n\r\n\r\n\r\n<p>Lokal jest doskona\u0142ym miejscem do organizacji :<\/p>\r\n<ul>\r\n<li><span style=\"color: #ffffff;\">przyj\u0119\u0107 weselnych<\/span><\/li>\r\n<li><span style=\"color: #ffffff;\">przyj\u0119\u0107 komunijnych i z okazji&nbsp; chrztu<\/span><\/li>\r\n<li><span style=\"color: #ffffff;\">przyj\u0119\u0107 okoliczno\u015bciowych, rocznicowych i imieninowych<\/span><\/li>\r\n<li><span style=\"color: #ffffff;\">zabaw karnawa\u0142owych<\/span><\/li>\r\n<li><span style=\"color: #ffffff;\">spotka\u0144 rodzinnych, kole\u017ce\u0144skich, integracyjnych i biznesowych<\/span><\/li>\r\n<li><span style=\"color: #ffffff;\">konferencji i bankiet\u00f3w<br><\/span><\/li>\r\n<\/ul>\r\n<ul><\/ul>\r\n<!-- \/wp:list -->\r\n\r\n<!-- wp:paragraph -->\r\n<h3 style=\"text-align: center;\"><span style=\"color: #d1c02a;\"><em><strong>Od nas nikt nie wychodzi g\u0142odny !!!<\/strong><\/em><\/span><\/h3>\r\n<p>&nbsp;<\/p>\r\n<p>\u015awiadczymy r\u00f3wnie\u017c us\u0142ugi cateringowe. Dysponujemy odpowiednim sprz\u0119tem do transportu i przetrzymywania gotowych potraw w wymaganej temperaturze.<\/p>\r\n<p>UWAGA:<\/p>\r\n<p>W dni robocze gotujemy obiady, kt\u00f3re s\u0105 wydawane od godz. 12.30 &#8211; 16.00<\/p>\r\n<p>Dow\u00f3z obiad\u00f3w gratis od godz. 12.30 &#8211; 15.00<\/p>\r\n<!-- \/wp:paragraph -->","protected":false},"excerpt":{"rendered":"<p>Nie dzia\u0142amy schematycznie na podstawie wcze\u015bniej przygotowanych jad\u0142ospis\u00f3w. Dania weselne wybierane s\u0105 indywidualnie i dlatego s\u0105 zawsze dostosowane do Waszych&nbsp; smak\u00f3w i upodoba\u0144. Jeste\u015bmy profesjonalistami i potrafimy przyrz\u0105dza\u0107 dowolne potrawy z r\u00f3\u017cnych rodzaj\u00f3w mi\u0119s, ryb i warzyw. Cz\u0119\u015b\u0107 warzyw oraz dodatki smakowe i dekoracyjne pochodz\u0105 z naszych ekologicznych upraw.&nbsp;W dni robocze gotujemy smaczne obiady. Lokal [&hellip;]<\/p>\n","protected":false},"author":1,"featured_media":0,"parent":0,"menu_order":2,"comment_status":"closed","ping_status":"closed","template":"","meta":{"ngg_post_thumbnail":0,"footnotes":""},"_links":{"self":[{"href":"http:\/\/polskie-smaki.net\/index.php\/wp-json\/wp\/v2\/pages\/24"}],"collection":[{"href":"http:\/\/polskie-smaki.net\/index.php\/wp-json\/wp\/v2\/pages"}],"about":[{"href":"http:\/\/polskie-smaki.net\/index.php\/wp-json\/wp\/v2\/types\/page"}],"author":[{"embeddable":true,"href":"http:\/\/polskie-smaki.net\/index.php\/wp-json\/wp\/v2\/users\/1"}],"replies":[{"embeddable":true,"href":"http:\/\/polskie-smaki.net\/index.php\/wp-json\/wp\/v2\/comments?post=24"}],"version-history":[{"count":9,"href":"http:\/\/polskie-smaki.net\/index.php\/wp-json\/wp\/v2\/pages\/24\/revisions"}],"predecessor-version":[{"id":86,"href":"http:\/\/polskie-smaki.net\/index.php\/wp-json\/wp\/v2\/pages\/24\/revisions\/86"}],"wp:attachment":[{"href":"http:\/\/polskie-smaki.net\/index.php\/wp-json\/wp\/v2\/media?parent=24"}],"curies":[{"name":"wp","href":"https:\/\/api.w.org\/{rel}","templated":true}]}}